{"id":275,"date":"2020-11-25T14:56:53","date_gmt":"2020-11-25T13:56:53","guid":{"rendered":"http:\/\/letoiledulac.fr\/?page_id=275"},"modified":"2020-11-27T10:41:43","modified_gmt":"2020-11-27T09:41:43","slug":"la-situation","status":"publish","type":"page","link":"https:\/\/letoiledulac.fr\/?page_id=275","title":{"rendered":"LA SITUATION"},"content":{"rendered":"<p>[et_pb_section fb_built=\u00a0\u00bb1&Prime; admin_label=\u00a0\u00bbHeader\u00a0\u00bb _builder_version=\u00a0\u00bb4.7.4&Prime; use_background_color_gradient=\u00a0\u00bbon\u00a0\u00bb background_color_gradient_start=\u00a0\u00bbrgba(255,255,255,0.89)\u00a0\u00bb background_color_gradient_end=\u00a0\u00bbrgba(255,255,255,0)\u00a0\u00bb background_color_gradient_type=\u00a0\u00bbradial\u00a0\u00bb background_color_gradient_direction_radial=\u00a0\u00bbtop left\u00a0\u00bb background_color_gradient_start_position=\u00a0\u00bb30%\u00a0\u00bb background_color_gradient_end_position=\u00a0\u00bb80%\u00a0\u00bb background_color_gradient_overlays_image=\u00a0\u00bbon\u00a0\u00bb background_image=\u00a0\u00bbhttp:\/\/letoiledulac.fr\/wp-content\/uploads\/2020\/11\/lake-4678902_1920.jpg\u00a0\u00bb custom_padding=\u00a0\u00bb8vw|0px|0|0px|false|false\u00a0\u00bb locked=\u00a0\u00bboff\u00a0\u00bb][et_pb_row _builder_version=\u00a0\u00bb3.25&Prime;][et_pb_column type=\u00a0\u00bb4_4&Prime; _builder_version=\u00a0\u00bb3.25&Prime; custom_padding=\u00a0\u00bb|||\u00a0\u00bb custom_padding__hover=\u00a0\u00bb|||\u00a0\u00bb][et_pb_text _builder_version=\u00a0\u00bb3.27.4&Prime; text_font=\u00a0\u00bb||||||||\u00a0\u00bb header_font=\u00a0\u00bbRaleway|700|||||||\u00a0\u00bb header_font_size=\u00a0\u00bb80px\u00a0\u00bb header_line_height=\u00a0\u00bb1.2em\u00a0\u00bb header_5_font=\u00a0\u00bbRaleway|700||on|||||\u00a0\u00bb header_5_text_color=\u00a0\u00bb#000000&Prime; header_5_font_size=\u00a0\u00bb20px\u00a0\u00bb header_5_letter_spacing=\u00a0\u00bb0.5em\u00a0\u00bb header_5_line_height=\u00a0\u00bb1.8em\u00a0\u00bb animation_style=\u00a0\u00bbzoom\u00a0\u00bb animation_intensity_zoom=\u00a0\u00bb5%\u00a0\u00bb header_font_size_tablet=\u00a0\u00bb48px\u00a0\u00bb header_font_size_phone=\u00a0\u00bb32px\u00a0\u00bb header_font_size_last_edited=\u00a0\u00bbon|phone\u00a0\u00bb header_5_font_size_tablet=\u00a0\u00bb14px\u00a0\u00bb header_5_font_size_phone=\u00a0\u00bb12px\u00a0\u00bb header_5_font_size_last_edited=\u00a0\u00bbon|desktop\u00a0\u00bb]<\/p>\n<h5>d\u00e9couvrez<\/h5>\n<h1>LA PERLE DES VOSGES<\/h1>\n<p>[\/et_pb_text][\/et_pb_column][\/et_pb_row][\/et_pb_section][et_pb_section fb_built=\u00a0\u00bb1&Prime; admin_label=\u00a0\u00bbDriving Directions\u00a0\u00bb _builder_version=\u00a0\u00bb3.22&Prime; custom_padding=\u00a0\u00bb||0px|||\u00a0\u00bb][et_pb_row column_structure=\u00a0\u00bb1_2,1_2&Prime; _builder_version=\u00a0\u00bb3.25&Prime;][et_pb_column type=\u00a0\u00bb1_2&Prime; _builder_version=\u00a0\u00bb3.25&Prime; custom_padding=\u00a0\u00bb|||\u00a0\u00bb custom_padding__hover=\u00a0\u00bb|||\u00a0\u00bb][et_pb_text _builder_version=\u00a0\u00bb4.7.4&Prime; text_font=\u00a0\u00bb||||||||\u00a0\u00bb text_font_size=\u00a0\u00bb16px\u00a0\u00bb text_line_height=\u00a0\u00bb2em\u00a0\u00bb header_font=\u00a0\u00bb||||||||\u00a0\u00bb header_2_font=\u00a0\u00bbRaleway|700|||||||\u00a0\u00bb header_2_font_size=\u00a0\u00bb50px\u00a0\u00bb header_2_line_height=\u00a0\u00bb1.4em\u00a0\u00bb header_6_font=\u00a0\u00bbRaleway|700||on|||||\u00a0\u00bb header_6_font_size=\u00a0\u00bb16px\u00a0\u00bb header_6_letter_spacing=\u00a0\u00bb5px\u00a0\u00bb header_6_line_height=\u00a0\u00bb1.8em\u00a0\u00bb max_width=\u00a0\u00bb700px\u00a0\u00bb module_alignment=\u00a0\u00bbcenter\u00a0\u00bb header_2_font_size_tablet=\u00a0\u00bb35px\u00a0\u00bb header_2_font_size_phone=\u00a0\u00bb25px\u00a0\u00bb header_2_font_size_last_edited=\u00a0\u00bbon|phone\u00a0\u00bb]<\/p>\n<h2>G\u00e9rardmer<\/h2>\n<p>Station climatique et touristique des Hautes Vosges. Blottie au bord de son lac, la ville est surnomm\u00e9e la \u00ab\u00a0Perle des Vosges\u00a0\u00bb.<\/p>\n<p>Un environnement naturel pr\u00e9serv\u00e9 (lac et for\u00eats de sapins) appartenant pour au Parc Naturel R\u00e9gional des Ballons des Vosges, conf\u00e8re aux lieux une ambiance ressour\u00e7ante qu&rsquo;appr\u00e9cient les nombreux vacanciers qui fr\u00e9quentent G\u00e9rardmer \u00e0 toutes les saisons.<\/p>\n<p>G\u00e9rardmer est facilement accessible depuis les gares SCNF d&rsquo;Epinal, Saint Di\u00e9 des Vosges, Remiremont et Colmar (transferts en autocars assur\u00e9s). C&rsquo;est une station labelis\u00e9e Famille Plus.<\/p>\n<p>[\/et_pb_text][\/et_pb_column][et_pb_column type=\u00a0\u00bb1_2&Prime; _builder_version=\u00a0\u00bb3.25&Prime; custom_padding=\u00a0\u00bb|||\u00a0\u00bb custom_padding__hover=\u00a0\u00bb|||\u00a0\u00bb][et_pb_image src=\u00a0\u00bbhttp:\/\/letoiledulac.fr\/wp-content\/uploads\/2020\/11\/lake-4678902_1920.jpg\u00a0\u00bb title_text=\u00a0\u00bblake-4678902_1920&Prime; _builder_version=\u00a0\u00bb4.7.4&Prime; _module_preset=\u00a0\u00bbdefault\u00a0\u00bb custom_margin=\u00a0\u00bb90px||||false|false\u00a0\u00bb][\/et_pb_image][\/et_pb_column][\/et_pb_row][et_pb_row column_structure=\u00a0\u00bb1_2,1_2&Prime; _builder_version=\u00a0\u00bb3.25&Prime;][et_pb_column type=\u00a0\u00bb1_2&Prime; _builder_version=\u00a0\u00bb3.25&Prime; custom_padding=\u00a0\u00bb|||\u00a0\u00bb custom_padding__hover=\u00a0\u00bb|||\u00a0\u00bb][et_pb_text _builder_version=\u00a0\u00bb4.7.4&Prime; text_font=\u00a0\u00bb||||||||\u00a0\u00bb ul_font=\u00a0\u00bb||||||||\u00a0\u00bb ul_line_height=\u00a0\u00bb2em\u00a0\u00bb header_font=\u00a0\u00bb||||||||\u00a0\u00bb header_5_font=\u00a0\u00bbRaleway|700|||||||\u00a0\u00bb header_5_font_size=\u00a0\u00bb20px\u00a0\u00bb header_5_line_height=\u00a0\u00bb1.4em\u00a0\u00bb custom_padding=\u00a0\u00bb40px|40px|40px|40px|true|true\u00a0\u00bb header_5_font_size_tablet=\u00a0\u00bb35px\u00a0\u00bb header_5_font_size_phone=\u00a0\u00bb25px\u00a0\u00bb header_5_font_size_last_edited=\u00a0\u00bbon|phone\u00a0\u00bb border_width_all=\u00a0\u00bb2px\u00a0\u00bb border_color_all=\u00a0\u00bb#f5f5f5&Prime;]<\/p>\n<h5>Un large \u00e9ventail d&rsquo;activit\u00e9s<\/h5>\n<ul>\n<li>Les domaines skiables : alpin de la Mauselaine avec plus de 40 km de pistes, et nordique des Bas-Rupts<\/li>\n<li>Les itin\u00e9raires de raquette \u00e0 neige<\/li>\n<li>Une piscine couverte<\/li>\n<li>Une patinoire<\/li>\n<li>Un casino<\/li>\n<li>Un bowling&#8230;<\/li>\n<\/ul>\n<p>[\/et_pb_text][\/et_pb_column][et_pb_column type=\u00a0\u00bb1_2&Prime; _builder_version=\u00a0\u00bb3.25&Prime; custom_padding=\u00a0\u00bb|||\u00a0\u00bb custom_padding__hover=\u00a0\u00bb|||\u00a0\u00bb][et_pb_text _builder_version=\u00a0\u00bb4.7.4&Prime; text_font=\u00a0\u00bb||||||||\u00a0\u00bb ul_font=\u00a0\u00bb||||||||\u00a0\u00bb ul_line_height=\u00a0\u00bb2em\u00a0\u00bb header_font=\u00a0\u00bb||||||||\u00a0\u00bb header_5_font=\u00a0\u00bbRaleway|700|||||||\u00a0\u00bb header_5_font_size=\u00a0\u00bb20px\u00a0\u00bb header_5_line_height=\u00a0\u00bb1.4em\u00a0\u00bb custom_padding=\u00a0\u00bb40px|40px|40px|40px|true|true\u00a0\u00bb header_5_font_size_tablet=\u00a0\u00bb35px\u00a0\u00bb header_5_font_size_phone=\u00a0\u00bb25px\u00a0\u00bb header_5_font_size_last_edited=\u00a0\u00bbon|phone\u00a0\u00bb border_width_all=\u00a0\u00bb2px\u00a0\u00bb border_color_all=\u00a0\u00bb#f5f5f5&Prime;]<\/p>\n<h5>De tr\u00e8s nombreux \u00e9v\u00e8nements touristiques<\/h5>\n<ul>\n<li>Festival du film fantastique<\/li>\n<li>F\u00eate des jonquilles<\/li>\n<li>Motordays<\/li>\n<li>Triathlon International<\/li>\n<li>Xterra<\/li>\n<li>Trails&#8230;<\/li>\n<\/ul>\n<p>[\/et_pb_text][\/et_pb_column][\/et_pb_row][\/et_pb_section][et_pb_section fb_built=\u00a0\u00bb1&Prime; admin_label=\u00a0\u00bbAttractions\u00a0\u00bb module_id=\u00a0\u00bbadresses\u00a0\u00bb _builder_version=\u00a0\u00bb4.7.4&Prime; background_color=\u00a0\u00bb#ffffff\u00a0\u00bb max_width=\u00a0\u00bb90%\u00a0\u00bb max_width_tablet=\u00a0\u00bb\u00a0\u00bb max_width_phone=\u00a0\u00bb100%\u00a0\u00bb max_width_last_edited=\u00a0\u00bbon|phone\u00a0\u00bb module_alignment=\u00a0\u00bbright\u00a0\u00bb custom_margin=\u00a0\u00bb0px|0px|0px|0px|false|false\u00a0\u00bb custom_padding=\u00a0\u00bb0px|0px|0px|0px|false|false\u00a0\u00bb border_color_all=\u00a0\u00bb#ffffff\u00a0\u00bb border_width_right=\u00a0\u00bb10vw\u00a0\u00bb][et_pb_row _builder_version=\u00a0\u00bb4.7.3&Prime; module_alignment=\u00a0\u00bbcenter\u00a0\u00bb locked=\u00a0\u00bboff\u00a0\u00bb custom_padding=\u00a0\u00bb0px||0px|||\u00a0\u00bb][et_pb_column type=\u00a0\u00bb4_4&Prime; _builder_version=\u00a0\u00bb3.25&Prime; custom_padding=\u00a0\u00bb|||\u00a0\u00bb custom_padding__hover=\u00a0\u00bb|||\u00a0\u00bb][et_pb_text _builder_version=\u00a0\u00bb4.7.3&Prime; text_font=\u00a0\u00bb||||||||\u00a0\u00bb text_font_size=\u00a0\u00bb16px\u00a0\u00bb text_line_height=\u00a0\u00bb2em\u00a0\u00bb header_font=\u00a0\u00bb||||||||\u00a0\u00bb header_2_font=\u00a0\u00bbRaleway|700|||||||\u00a0\u00bb header_2_font_size=\u00a0\u00bb50px\u00a0\u00bb header_2_line_height=\u00a0\u00bb1.2em\u00a0\u00bb header_6_font=\u00a0\u00bbRaleway|700||on|||||\u00a0\u00bb header_6_font_size=\u00a0\u00bb16px\u00a0\u00bb header_6_letter_spacing=\u00a0\u00bb5px\u00a0\u00bb header_6_line_height=\u00a0\u00bb1.8em\u00a0\u00bb max_width=\u00a0\u00bb1084px\u00a0\u00bb max_width_last_edited=\u00a0\u00bboff|desktop\u00a0\u00bb custom_padding=\u00a0\u00bb|1px||||\u00a0\u00bb header_2_font_size_tablet=\u00a0\u00bb35px\u00a0\u00bb header_2_font_size_phone=\u00a0\u00bb25px\u00a0\u00bb header_2_font_size_last_edited=\u00a0\u00bbon|phone\u00a0\u00bb]<\/p>\n<h2>Quelques adresses \u00e0 G\u00e9rardmer<\/h2>\n<p>[\/et_pb_text][\/et_pb_column][\/et_pb_row][et_pb_row column_structure=\u00a0\u00bb1_2,1_2&Prime; _builder_version=\u00a0\u00bb3.25&Prime; custom_padding=\u00a0\u00bb||0px|||\u00a0\u00bb][et_pb_column type=\u00a0\u00bb1_2&Prime; _builder_version=\u00a0\u00bb3.25&Prime; custom_padding=\u00a0\u00bb|||\u00a0\u00bb custom_padding__hover=\u00a0\u00bb|||\u00a0\u00bb][et_pb_toggle title=\u00a0\u00bbRESTAURANTS\u00a0\u00bb closed_toggle_background_color=\u00a0\u00bb#f5f5f5&Prime; icon_color=\u00a0\u00bb#b2b9c4&Prime; _builder_version=\u00a0\u00bb4.7.4&Prime; title_font=\u00a0\u00bbRaleway|700|||||||\u00a0\u00bb title_line_height=\u00a0\u00bb1.4em\u00a0\u00bb body_font=\u00a0\u00bb||||||||\u00a0\u00bb body_line_height=\u00a0\u00bb2em\u00a0\u00bb border_width_all=\u00a0\u00bb2px\u00a0\u00bb border_color_all=\u00a0\u00bb#f5f5f5&Prime;]<\/p>\n<p><span style=\"color: #808080;\"><strong><span style=\"text-decoration: underline;\"><a href=\"https:\/\/restaurantlebistrotdelaperle.eatbu.com\/?lang=fr\" target=\"_blank\" rel=\"noopener noreferrer\" title=\"Le Bistrot de la Perle\" style=\"color: #808080;\">Le Bistrot de la Perle<\/a><br \/><\/span><\/strong><span style=\"text-decoration: underline;\"> <\/span><a jsname=\"kj0dLd\" class=\"C8TUKc hide-focus-ring rllt__link a-no-hover-decoration\" role=\"link\" jsaction=\"h5M12e;\" data-cid=\"4998552879476028642\" style=\"padding-right: 0px; color: #808080;\" data-ved=\"0ahUKEwjV65XBv6DtAhWGC2MBHQg5BWQQyTMISTAB\" tabindex=\"0\"><span class=\"rllt__details lqhpac\">Plats traditionnels \u00e0 base de produits du terroir<\/span><\/a><\/span><\/p>\n<p><span style=\"color: #808080;\"><strong><span style=\"text-decoration: underline;\"><a href=\"https:\/\/www.alachaumedemonpere.fr\/\" target=\"_blank\" rel=\"noopener noreferrer\" title=\"A la Chaume de mon p\u00e8re\" style=\"color: #808080; text-decoration: underline;\">A la Chaume de mon p\u00e8re<br \/> <\/a><\/span><\/strong>Fran\u00e7aise, Moderne et Brasserie gastronomique<\/span><\/p>\n<p><span style=\"color: #808080;\"><strong><span style=\"text-decoration: underline;\"><a href=\"https:\/\/www.facebook.com\/lhorsdutemps\/\" target=\"_blank\" rel=\"noopener noreferrer\" title=\"L'Hors du Temps\" style=\"color: #808080; text-decoration: underline;\">L&rsquo;Hors du Temps<br \/> <\/a><\/span><\/strong>Fran\u00e7aise et saine<\/span><\/p>\n<p><span style=\"color: #808080;\"><span style=\"text-decoration: underline;\"><strong><a href=\"https:\/\/www.lerefuge-gerardmer.fr\/\" target=\"_blank\" rel=\"noopener noreferrer\" title=\"Le Refuge\" style=\"color: #808080; text-decoration: underline;\">Le Refuge<br \/> <\/a><\/strong><\/span>Fran\u00e7aise, Barbecue et Grillades<\/span><\/p>\n<p><span style=\"color: #808080;\"><strong><span style=\"text-decoration: underline;\"><a href=\"http:\/\/www.lido-gerardmer.fr\/\" target=\"_blank\" rel=\"noopener noreferrer\" title=\"Lido\" style=\"color: #808080; text-decoration: underline;\">Lido<\/a><\/span><\/strong><br \/> Fran\u00e7aise, Moderne et Brasserie gastronomique<\/span><\/p>\n<p><span style=\"color: #808080;\"><span style=\"text-decoration: underline;\"><strong><a href=\"https:\/\/www.sanremogerardmer.fr\/\" target=\"_blank\" rel=\"noopener noreferrer\" title=\"Pizzeria San Remo\" style=\"color: #808080; text-decoration: underline;\">Pizzeria San Remo<\/a><\/strong><\/span><br \/> <span class=\"aCOpRe\">Restaurant Italien<\/span> et Pizza<\/span><\/p>\n<p><span style=\"color: #808080;\"><\/span><\/p>\n<p>[\/et_pb_toggle][et_pb_toggle title=\u00a0\u00bbAUBERGES\u00a0\u00bb closed_toggle_background_color=\u00a0\u00bb#f5f5f5&Prime; icon_color=\u00a0\u00bb#b2b9c4&Prime; _builder_version=\u00a0\u00bb4.7.3&Prime; title_font=\u00a0\u00bbRaleway|700|||||||\u00a0\u00bb title_line_height=\u00a0\u00bb1.4em\u00a0\u00bb body_font=\u00a0\u00bb||||||||\u00a0\u00bb body_line_height=\u00a0\u00bb2em\u00a0\u00bb border_width_all=\u00a0\u00bb2px\u00a0\u00bb border_color_all=\u00a0\u00bb#f5f5f5&Prime;]<\/p>\n<p><span style=\"text-decoration: underline;\"><strong><span style=\"color: #808080; text-decoration: underline;\"><a href=\"https:\/\/www.aubergedeliezey.fr\/restaurant\/restaurant-vosges-gerardmer\" target=\"_blank\" rel=\"noopener noreferrer\" title=\"AUBERGE DE LIEZEY\" style=\"color: #808080; text-decoration: underline;\">AUBERGE DE LIEZEY<\/a><\/span><\/strong><\/span><br \/> <span style=\"color: #808080;\">Sp\u00e9cialit\u00e9s du terroir vosgien. Cuisine 100% maison, grillades au feu de bois<\/span><\/p>\n<p><span style=\"text-decoration: underline;\"><strong><span style=\"color: #808080; text-decoration: underline;\"><a href=\"https:\/\/www.refugedusotre.com\/\" target=\"_blank\" rel=\"noopener noreferrer\" title=\"LE REFUGE DU SOTRE\" style=\"color: #808080; text-decoration: underline;\">LE REFUGE DU SOTRE<\/a><\/span><\/strong><\/span><br \/> <span style=\"color: #808080;\">Sp\u00e9cialit\u00e9s montagnardes r\u00e9gionales pr\u00e9par\u00e9es \u00e0 base de produits du terroir.<\/span><\/p>\n<p><strong><span style=\"color: #808080;\">AUBERGE HUSS<\/span><\/strong><br \/> <span style=\"color: #808080;\">03 89 82 27 20<\/span><br \/> <span style=\"color: #808080;\">Restauration : Midi et soir. R\u00e9servation souhait\u00e9e.<\/span><\/p>\n<p>&nbsp;<\/p>\n<p>&nbsp;<\/p>\n<p>[\/et_pb_toggle][et_pb_toggle title=\u00a0\u00bbCULTURE ET LOISIRS\u00a0\u00bb closed_toggle_background_color=\u00a0\u00bb#f5f5f5&Prime; icon_color=\u00a0\u00bb#b2b9c4&Prime; _builder_version=\u00a0\u00bb4.7.4&Prime; title_font=\u00a0\u00bbRaleway|700|||||||\u00a0\u00bb title_line_height=\u00a0\u00bb1.4em\u00a0\u00bb body_font=\u00a0\u00bb||||||||\u00a0\u00bb body_line_height=\u00a0\u00bb2em\u00a0\u00bb hover_enabled=\u00a0\u00bb0&Prime; border_width_all=\u00a0\u00bb2px\u00a0\u00bb border_color_all=\u00a0\u00bb#f5f5f5&Prime; sticky_enabled=\u00a0\u00bb0&Prime;]<\/p>\n<p><span style=\"text-decoration: underline; color: #808080;\"><strong><a href=\"https:\/\/festival-gerardmer.com\/\" target=\"_blank\" rel=\"noopener noreferrer\" title=\"Festival du film fantastique\" style=\"color: #808080; text-decoration: underline;\">Festival du film fantastique<\/a><\/strong><\/span><\/p>\n<p><span style=\"text-decoration: underline; color: #808080;\"><strong><a href=\"https:\/\/apocalypstar.com\/\" target=\"_blank\" rel=\"noopener noreferrer\" title=\"Escape Game\" style=\"color: #808080; text-decoration: underline;\">Escape Game<\/a><\/strong><\/span><\/p>\n<p><a href=\"https:\/\/www.joa.fr\/\" target=\"_blank\" rel=\"noopener noreferrer\" title=\"Casino de G\u00e9rardmer\"><span style=\"text-decoration: underline; color: #808080;\"><strong>Casino de G\u00e9rardmer<\/strong><\/span><\/a><\/p>\n<p><a href=\"http:\/\/www.gerardmer-motordays.com\/8-2\/\" target=\"_blank\" rel=\"noopener noreferrer\" title=\"Motordays G\u00e9rardmer\"><span style=\"text-decoration: underline; color: #808080;\"><strong>Motordays<\/strong><\/span><\/a><\/p>\n<p><a href=\"https:\/\/www.fete-des-jonquilles-gerardmer-officiel.fr\/#close\" target=\"_blank\" rel=\"noopener noreferrer\" title=\"F\u00eate des Jonquilles\"><span style=\"text-decoration: underline; color: #808080;\"><strong>F\u00eate des Jonquilles<\/strong><\/span><\/a><\/p>\n<p>[\/et_pb_toggle][\/et_pb_column][et_pb_column type=\u00a0\u00bb1_2&Prime; _builder_version=\u00a0\u00bb3.25&Prime; custom_padding=\u00a0\u00bb|||\u00a0\u00bb custom_padding__hover=\u00a0\u00bb|||\u00a0\u00bb][et_pb_toggle title=\u00a0\u00bbOFFICE DE TOURISME\u00a0\u00bb closed_toggle_background_color=\u00a0\u00bb#f5f5f5&Prime; icon_color=\u00a0\u00bb#b2b9c4&Prime; _builder_version=\u00a0\u00bb4.7.4&Prime; title_font=\u00a0\u00bbRaleway|700|||||||\u00a0\u00bb title_line_height=\u00a0\u00bb1.4em\u00a0\u00bb body_font=\u00a0\u00bb||||||||\u00a0\u00bb body_line_height=\u00a0\u00bb2em\u00a0\u00bb border_width_all=\u00a0\u00bb2px\u00a0\u00bb border_color_all=\u00a0\u00bb#f5f5f5&Prime; locked=\u00a0\u00bboff\u00a0\u00bb]<\/p>\n<p><span style=\"text-decoration: underline;\"><span style=\"color: #808080;\"><a href=\"https:\/\/gerardmer.net\/\" target=\"_blank\" rel=\"noopener noreferrer\" title=\"Office de tourisme G\u00e9rardmer\" style=\"color: #808080; text-decoration: underline;\"><strong>Office de\u00a0Tourisme de G\u00e9rardmer<\/strong><\/a><\/span><\/span><\/p>\n<p>[\/et_pb_toggle][et_pb_toggle title=\u00a0\u00bbSPORTS\u00a0\u00bb closed_toggle_background_color=\u00a0\u00bb#f5f5f5&Prime; icon_color=\u00a0\u00bb#b2b9c4&Prime; _builder_version=\u00a0\u00bb4.7.4&Prime; title_font=\u00a0\u00bbRaleway|700|||||||\u00a0\u00bb title_line_height=\u00a0\u00bb1.4em\u00a0\u00bb body_font=\u00a0\u00bb||||||||\u00a0\u00bb body_line_height=\u00a0\u00bb2em\u00a0\u00bb hover_enabled=\u00a0\u00bb0&Prime; border_width_all=\u00a0\u00bb2px\u00a0\u00bb border_color_all=\u00a0\u00bb#f5f5f5&Prime; locked=\u00a0\u00bboff\u00a0\u00bb sticky_enabled=\u00a0\u00bb0&Prime;]<\/p>\n<p><span style=\"text-decoration: underline; color: #808080;\"><strong><a href=\"https:\/\/www.gerardmer-ski.com\/fr\/\" target=\"_blank\" rel=\"noopener noreferrer\" title=\"Domaine skiable\" style=\"color: #808080; text-decoration: underline;\">Domaine skiable<\/a><\/strong><\/span><\/p>\n<p><a href=\"https:\/\/www.esf-gerardmer.fr\/\" target=\"_blank\" rel=\"noopener noreferrer\" title=\"ESF G\u00e9rardmer\"><span style=\"text-decoration: underline; color: #808080;\"><strong>ESF G\u00e9rardmer<\/strong><\/span><\/a><\/p>\n<p><span style=\"text-decoration: underline; color: #808080;\"><strong><a href=\"https:\/\/gerardmer.net\/exemples-randonnees-pedestres.php\" target=\"_blank\" rel=\"noopener noreferrer\" title=\"Randonn\u00e9es p\u00e9destres\" style=\"color: #808080; text-decoration: underline;\">Randonn\u00e9es p\u00e9destres<\/a><\/strong><\/span><\/p>\n<p><a href=\"http:\/\/triathlondegerardmer.com\/\" target=\"_blank\" rel=\"noopener noreferrer\" title=\"Triathlon de G\u00e9rardmer\"><span style=\"text-decoration: underline; color: #808080;\"><strong>Triathlon de G\u00e9rardmer<\/strong><\/span><\/a><\/p>\n<p><a href=\"http:\/\/xterra-france.com\/\" target=\"_blank\" rel=\"noopener noreferrer\" title=\"XTERRA\"><span style=\"text-decoration: underline; color: #808080;\"><strong>XTERRA<\/strong><\/span><\/a><\/p>\n<p>[\/et_pb_toggle][et_pb_toggle title=\u00a0\u00bbLACS ET CASCADES\u00a0\u00bb closed_toggle_background_color=\u00a0\u00bb#f5f5f5&Prime; icon_color=\u00a0\u00bb#b2b9c4&Prime; _builder_version=\u00a0\u00bb4.7.3&Prime; title_font=\u00a0\u00bbRaleway|700|||||||\u00a0\u00bb title_line_height=\u00a0\u00bb1.4em\u00a0\u00bb body_font=\u00a0\u00bb||||||||\u00a0\u00bb body_line_height=\u00a0\u00bb2em\u00a0\u00bb border_width_all=\u00a0\u00bb2px\u00a0\u00bb border_color_all=\u00a0\u00bb#f5f5f5&Prime; locked=\u00a0\u00bboff\u00a0\u00bb]<\/p>\n<p><span style=\"text-decoration: underline; color: #808080;\"><strong><a href=\"https:\/\/gerardmer.net\/lacs-et-cascades.php\" target=\"_blank\" rel=\"noopener noreferrer\" title=\"Lacs et cascades\" style=\"color: #808080; text-decoration: underline;\">Lacs et cascades<\/a><\/strong><\/span><\/p>\n<p>[\/et_pb_toggle][\/et_pb_column][\/et_pb_row][et_pb_row _builder_version=\u00a0\u00bb3.25&Prime;][et_pb_column type=\u00a0\u00bb4_4&Prime; _builder_version=\u00a0\u00bb3.25&Prime; custom_padding=\u00a0\u00bb|||\u00a0\u00bb custom_padding__hover=\u00a0\u00bb|||\u00a0\u00bb][et_pb_toggle title=\u00a0\u00bbL&rsquo;APPARTEMENT EST SITUE AU : 8 RUE DU CASINO 88400 GERARDMER\u00a0\u00bb open=\u00a0\u00bbon\u00a0\u00bb closed_toggle_background_color=\u00a0\u00bb#f5f5f5&Prime; icon_color=\u00a0\u00bb#b2b9c4&Prime; _builder_version=\u00a0\u00bb4.7.4&Prime; title_font=\u00a0\u00bbRaleway|700|||||||\u00a0\u00bb title_line_height=\u00a0\u00bb1.4em\u00a0\u00bb body_font=\u00a0\u00bb||||||||\u00a0\u00bb body_line_height=\u00a0\u00bb2em\u00a0\u00bb border_width_all=\u00a0\u00bb2px\u00a0\u00bb border_color_all=\u00a0\u00bb#f5f5f5&Prime; custom_padding=\u00a0\u00bb||0px|||\u00a0\u00bb]<\/p>\n<ul>\n<li>150m du square du docteur Briffaut (face au lac)<\/li>\n<li>200m du casino et du cin\u00e9ma 100m d&rsquo;un arr\u00eat de la navette Neige (navette gratuite pour acc\u00e8s au Domaine skiable de la Mauselaine)<\/li>\n<li>250m des bords du lac<\/li>\n<li>400m du complexe piscine, bowling, patinoire<\/li>\n<li>250m du centre ville commer\u00e7ant et anim\u00e9<\/li>\n<li>500m de l&rsquo;union Nautique<\/li>\n<li>Des commerces \u00e0 proximit\u00e9 imm\u00e9diate (boulangerie \u00e0 moins de 100m, supermarch\u00e9 \u00e0 250m&#8230;).<\/li>\n<\/ul>\n<p>[\/et_pb_toggle][et_pb_code _builder_version=\u00a0\u00bb4.7.3&Prime; _module_preset=\u00a0\u00bbdefault\u00a0\u00bb]<iframe loading=\"lazy\" src=\"https:\/\/www.google.com\/maps\/embed?pb=!1m18!1m12!1m3!1d2666.1307425675222!2d6.870406298830804!3d48.0691192351206!2m3!1f0!2f0!3f0!3m2!1i1024!2i768!4f13.1!3m3!1m2!1s0x4793c66735156d9b%3A0xd07b435f1f9613c5!2s8%20Rue%20du%20Casino%2C%2088400%20G%C3%A9rardmer!5e0!3m2!1sfr!2sfr!4v1606141338081!5m2!1sfr!2sfr\" width=\"1200\" height=\"800\" frameborder=\"0\" style=\"border:0;\" allowfullscreen=\"\" aria-hidden=\"false\" tabindex=\"0\"><\/iframe>[\/et_pb_code][\/et_pb_column][\/et_pb_row][\/et_pb_section]<\/p>\n","protected":false},"excerpt":{"rendered":"<p>d\u00e9couvrez LA PERLE DES VOSGESG\u00e9rardmer Station climatique et touristique des Hautes Vosges. Blottie au bord de son lac, la ville est surnomm\u00e9e la \u00ab\u00a0Perle des Vosges\u00a0\u00bb. Un environnement naturel pr\u00e9serv\u00e9 (lac et for\u00eats de sapins) appartenant pour au Parc Naturel R\u00e9gional des Ballons des Vosges, conf\u00e8re aux lieux une ambiance ressour\u00e7ante qu&rsquo;appr\u00e9cient les nombreux vacanciers [&hellip;]<\/p>\n","protected":false},"author":1,"featured_media":0,"parent":0,"menu_order":0,"comment_status":"closed","ping_status":"closed","template":"","meta":{"_et_pb_use_builder":"on","_et_pb_old_content":"","_et_gb_content_width":"","footnotes":""},"class_list":["post-275","page","type-page","status-publish","hentry"],"_links":{"self":[{"href":"https:\/\/letoiledulac.fr\/index.php?rest_route=\/wp\/v2\/pages\/275","targetHints":{"allow":["GET"]}}],"collection":[{"href":"https:\/\/letoiledulac.fr\/index.php?rest_route=\/wp\/v2\/pages"}],"about":[{"href":"https:\/\/letoiledulac.fr\/index.php?rest_route=\/wp\/v2\/types\/page"}],"author":[{"embeddable":true,"href":"https:\/\/letoiledulac.fr\/index.php?rest_route=\/wp\/v2\/users\/1"}],"replies":[{"embeddable":true,"href":"https:\/\/letoiledulac.fr\/index.php?rest_route=%2Fwp%2Fv2%2Fcomments&post=275"}],"version-history":[{"count":14,"href":"https:\/\/letoiledulac.fr\/index.php?rest_route=\/wp\/v2\/pages\/275\/revisions"}],"predecessor-version":[{"id":396,"href":"https:\/\/letoiledulac.fr\/index.php?rest_route=\/wp\/v2\/pages\/275\/revisions\/396"}],"wp:attachment":[{"href":"https:\/\/letoiledulac.fr\/index.php?rest_route=%2Fwp%2Fv2%2Fmedia&parent=275"}],"curies":[{"name":"wp","href":"https:\/\/api.w.org\/{rel}","templated":true}]}}